{"id":182,"date":"2023-05-19T20:29:14","date_gmt":"2023-05-19T20:29:14","guid":{"rendered":"http:\/\/restaurantegiratorio.com\/?page_id=182"},"modified":"2024-10-17T23:25:15","modified_gmt":"2024-10-17T23:25:15","slug":"hotel-vista-quince","status":"publish","type":"page","link":"https:\/\/restaurantegiratorio.com\/en\/hotel-vista-quince\/","title":{"rendered":"Vista Quince Hotel"},"content":{"rendered":"<div data-elementor-type=\"wp-page\" data-elementor-id=\"182\" class=\"elementor elementor-182\">\n\t\t\t\t\t\t\t\t\t<section class=\"elementor-section elementor-top-section elementor-element elementor-element-f04a06f back elementor-section-boxed elementor-section-height-default elementor-section-height-default\" data-id=\"f04a06f\" data-element_type=\"section\" data-settings=\"{&quot;background_background&quot;:&quot;classic&quot;,&quot;_ha_eqh_enable&quot;:false}\">\n\t\t\t\t\t\t<div class=\"elementor-container elementor-column-gap-default\">\n\t\t\t\t\t<div class=\"elementor-column elementor-col-100 elementor-top-column elementor-element elementor-element-74fc61d\" data-id=\"74fc61d\" data-element_type=\"column\">\n\t\t\t<div class=\"elementor-widget-wrap elementor-element-populated\">\n\t\t\t\t\t\t\t\t<section class=\"elementor-section elementor-inner-section elementor-element elementor-element-928a977 elementor-section-boxed elementor-section-height-default elementor-section-height-default\" data-id=\"928a977\" data-element_type=\"section\" data-settings=\"{&quot;_ha_eqh_enable&quot;:false}\">\n\t\t\t\t\t\t<div class=\"elementor-container elementor-column-gap-default\">\n\t\t\t\t\t<div class=\"elementor-column elementor-col-100 elementor-inner-column elementor-element elementor-element-5876d96\" data-id=\"5876d96\" data-element_type=\"column\">\n\t\t\t<div class=\"elementor-widget-wrap elementor-element-populated\">\n\t\t\t\t\t\t\t\t<div class=\"elementor-element elementor-element-c34ae76 elementor-widget elementor-widget-heading\" data-id=\"c34ae76\" data-element_type=\"widget\" data-widget_type=\"heading.default\">\n\t\t\t\t<div class=\"elementor-widget-container\">\n\t\t\t<style>\/*! elementor - v3.13.3 - 28-05-2023 *\/\n.elementor-heading-title{padding:0;margin:0;line-height:1}.elementor-widget-heading .elementor-heading-title[class*=elementor-size-]>a{color:inherit;font-size:inherit;line-height:inherit}.elementor-widget-heading .elementor-heading-title.elementor-size-small{font-size:15px}.elementor-widget-heading .elementor-heading-title.elementor-size-medium{font-size:19px}.elementor-widget-heading .elementor-heading-title.elementor-size-large{font-size:29px}.elementor-widget-heading .elementor-heading-title.elementor-size-xl{font-size:39px}.elementor-widget-heading .elementor-heading-title.elementor-size-xxl{font-size:59px}<\/style><h2 class=\"elementor-heading-title elementor-size-default\">Vista Quince Hotel<\/h2>\t\t<\/div>\n\t\t\t\t<\/div>\n\t\t\t\t<div class=\"elementor-element elementor-element-267cbcc elementor-widget elementor-widget-spacer\" data-id=\"267cbcc\" data-element_type=\"widget\" data-widget_type=\"spacer.default\">\n\t\t\t\t<div class=\"elementor-widget-container\">\n\t\t\t<style>\/*! elementor - v3.13.3 - 28-05-2023 *\/\n.elementor-column .elementor-spacer-inner{height:var(--spacer-size)}.e-con{--container-widget-width:100%}.e-con-inner>.elementor-widget-spacer,.e-con>.elementor-widget-spacer{width:var(--container-widget-width,var(--spacer-size));--align-self:var(--container-widget-align-self,initial);--flex-shrink:0}.e-con-inner>.elementor-widget-spacer>.elementor-widget-container,.e-con-inner>.elementor-widget-spacer>.elementor-widget-container>.elementor-spacer,.e-con>.elementor-widget-spacer>.elementor-widget-container,.e-con>.elementor-widget-spacer>.elementor-widget-container>.elementor-spacer{height:100%}.e-con-inner>.elementor-widget-spacer>.elementor-widget-container>.elementor-spacer>.elementor-spacer-inner,.e-con>.elementor-widget-spacer>.elementor-widget-container>.elementor-spacer>.elementor-spacer-inner{height:var(--container-widget-height,var(--spacer-size))}<\/style>\t\t<div class=\"elementor-spacer\">\n\t\t\t<div class=\"elementor-spacer-inner\"><\/div>\n\t\t<\/div>\n\t\t\t\t<\/div>\n\t\t\t\t<\/div>\n\t\t\t\t<div class=\"elementor-element elementor-element-853d6bb elementor-arrows-position-inside elementor-pagination-position-outside elementor-widget elementor-widget-image-carousel\" data-id=\"853d6bb\" data-element_type=\"widget\" data-settings=\"{&quot;slides_to_show&quot;:&quot;1&quot;,&quot;navigation&quot;:&quot;both&quot;,&quot;autoplay&quot;:&quot;yes&quot;,&quot;pause_on_hover&quot;:&quot;yes&quot;,&quot;pause_on_interaction&quot;:&quot;yes&quot;,&quot;autoplay_speed&quot;:5000,&quot;infinite&quot;:&quot;yes&quot;,&quot;effect&quot;:&quot;slide&quot;,&quot;speed&quot;:500}\" data-widget_type=\"image-carousel.default\">\n\t\t\t\t<div class=\"elementor-widget-container\">\n\t\t\t<style>\/*! elementor - v3.13.3 - 28-05-2023 *\/\n.elementor-widget-image-carousel .swiper,.elementor-widget-image-carousel .swiper-container{position:static}.elementor-widget-image-carousel .swiper-container .swiper-slide figure,.elementor-widget-image-carousel .swiper .swiper-slide figure{line-height:inherit}.elementor-widget-image-carousel .swiper-slide{text-align:center}.elementor-image-carousel-wrapper:not(.swiper-container-initialized):not(.swiper-initialized) .swiper-slide{max-width:calc(100% \/ var(--e-image-carousel-slides-to-show, 3))}<\/style>\t\t<div class=\"elementor-image-carousel-wrapper swiper\" dir=\"ltr\">\n\t\t\t<div class=\"elementor-image-carousel swiper-wrapper\">\n\t\t\t\t\t\t\t\t<div class=\"swiper-slide\"><figure class=\"swiper-slide-inner\"><img decoding=\"async\" class=\"swiper-slide-image\" src=\"https:\/\/restaurantegiratorio.com\/wp-content\/uploads\/2024\/10\/Secuencia-1-1568x990.jpg\" alt=\"Secuencia 1\" \/><\/figure><\/div><div class=\"swiper-slide\"><figure class=\"swiper-slide-inner\"><img decoding=\"async\" class=\"swiper-slide-image\" src=\"https:\/\/restaurantegiratorio.com\/wp-content\/uploads\/2024\/10\/Secuencia-1.2-1568x990.jpg\" alt=\"Secuencia 1.2\" \/><\/figure><\/div><div class=\"swiper-slide\"><figure class=\"swiper-slide-inner\"><img decoding=\"async\" class=\"swiper-slide-image\" src=\"https:\/\/restaurantegiratorio.com\/wp-content\/uploads\/2024\/10\/Secuencia-2-1568x990.jpg\" alt=\"Secuencia 2\" \/><\/figure><\/div><div class=\"swiper-slide\"><figure class=\"swiper-slide-inner\"><img decoding=\"async\" class=\"swiper-slide-image\" src=\"https:\/\/restaurantegiratorio.com\/wp-content\/uploads\/2024\/10\/Secuencia-3-1568x990.jpg\" alt=\"Secuencia 3\" \/><\/figure><\/div><div class=\"swiper-slide\"><figure class=\"swiper-slide-inner\"><img decoding=\"async\" class=\"swiper-slide-image\" src=\"https:\/\/restaurantegiratorio.com\/wp-content\/uploads\/2024\/10\/Secuencia-4-1568x990.jpg\" alt=\"Secuencia 4\" \/><\/figure><\/div><div class=\"swiper-slide\"><figure class=\"swiper-slide-inner\"><img decoding=\"async\" class=\"swiper-slide-image\" src=\"https:\/\/restaurantegiratorio.com\/wp-content\/uploads\/2024\/10\/Secuencia-5-1568x990.jpg\" alt=\"Secuencia 5\" \/><\/figure><\/div><div class=\"swiper-slide\"><figure class=\"swiper-slide-inner\"><img decoding=\"async\" class=\"swiper-slide-image\" src=\"https:\/\/restaurantegiratorio.com\/wp-content\/uploads\/2024\/10\/Secuencia-6-1568x990.jpg\" alt=\"Secuencia 6\" \/><\/figure><\/div><div class=\"swiper-slide\"><figure class=\"swiper-slide-inner\"><img decoding=\"async\" class=\"swiper-slide-image\" src=\"https:\/\/restaurantegiratorio.com\/wp-content\/uploads\/2024\/10\/Secuencia-7-1568x990.jpg\" alt=\"Secuencia 7\" \/><\/figure><\/div>\t\t\t<\/div>\n\t\t\t\t\t\t\t\t\t\t\t\t<div class=\"swiper-pagination\"><\/div>\n\t\t\t\t\t\t\t\t\t\t\t\t\t<div class=\"elementor-swiper-button elementor-swiper-button-prev\" role=\"button\" tabindex=\"0\">\n\t\t\t\t\t\t<i aria-hidden=\"true\" class=\"eicon-chevron-left\"><\/i>\t\t\t\t\t\t<span class=\"elementor-screen-only\">Previous image<\/span>\n\t\t\t\t\t<\/div>\n\t\t\t\t\t<div class=\"elementor-swiper-button elementor-swiper-button-next\" role=\"button\" tabindex=\"0\">\n\t\t\t\t\t\t<i aria-hidden=\"true\" class=\"eicon-chevron-right\"><\/i>\t\t\t\t\t\t<span class=\"elementor-screen-only\">Next image<\/span>\n\t\t\t\t\t<\/div>\n\t\t\t\t\t\t\t\t\t<\/div>\n\t\t\t\t<\/div>\n\t\t\t\t<\/div>\n\t\t\t\t<div class=\"elementor-element elementor-element-d2560ea elementor-widget elementor-widget-text-editor\" data-id=\"d2560ea\" data-element_type=\"widget\" data-widget_type=\"text-editor.default\">\n\t\t\t\t<div class=\"elementor-widget-container\">\n\t\t\t<style>\/*! elementor - v3.13.3 - 28-05-2023 *\/\n.elementor-widget-text-editor.elementor-drop-cap-view-stacked .elementor-drop-cap{background-color:#69727d;color:#fff}.elementor-widget-text-editor.elementor-drop-cap-view-framed .elementor-drop-cap{color:#69727d;border:3px solid;background-color:transparent}.elementor-widget-text-editor:not(.elementor-drop-cap-view-default) .elementor-drop-cap{margin-top:8px}.elementor-widget-text-editor:not(.elementor-drop-cap-view-default) .elementor-drop-cap-letter{width:1em;height:1em}.elementor-widget-text-editor .elementor-drop-cap{float:left;text-align:center;line-height:1;font-size:50px}.elementor-widget-text-editor .elementor-drop-cap-letter{display:inline-block}<\/style>\t\t\t\t<p>Located in Zone 15 of Guatemala City, Hotel Vista Quince is an imposing 18-story architectural masterpiece that distinguishes itself from others with its unique circular design, Australian Limestone fa\u00e7ade, and a revolving restaurant on the top floor. In 2021, these features earned it the Cemex Building Award in the building category.<\/p>\t\t\t\t\t\t<\/div>\n\t\t\t\t<\/div>\n\t\t\t\t<div class=\"elementor-element elementor-element-66b932b elementor-widget elementor-widget-text-editor\" data-id=\"66b932b\" data-element_type=\"widget\" data-widget_type=\"text-editor.default\">\n\t\t\t\t<div class=\"elementor-widget-container\">\n\t\t\t\t\t\t\t<p>Despite the building's circular design, the rooms are rectangular with curved balconies that provide excellent views of the capital city. Upon arriving at your room, our guests will find exquisite decoration, furniture, and appliances in excellent condition, and multiple room services that can be accessed with a call to the front desk, where your requirements will be attended to without delay to make your stay a pleasant and unforgettable experience.<\/p>\t\t\t\t\t\t<\/div>\n\t\t\t\t<\/div>\n\t\t\t\t<div class=\"elementor-element elementor-element-b92bdd7 elementor-align-center elementor-widget elementor-widget-button\" data-id=\"b92bdd7\" data-element_type=\"widget\" data-widget_type=\"button.default\">\n\t\t\t\t<div class=\"elementor-widget-container\">\n\t\t\t\t\t<div class=\"elementor-button-wrapper\">\n\t\t\t<a href=\"http:\/\/reservations.vistaquince.com\/\" target=\"_blank\" class=\"elementor-button-link elementor-button elementor-size-sm\" role=\"button\">\n\t\t\t\t\t\t<span class=\"elementor-button-content-wrapper\">\n\t\t\t\t\t\t<span class=\"elementor-button-text\">Reserve<\/span>\n\t\t<\/span>\n\t\t\t\t\t<\/a>\n\t\t<\/div>\n\t\t\t\t<\/div>\n\t\t\t\t<\/div>\n\t\t\t\t\t<\/div>\n\t\t<\/div>\n\t\t\t\t\t\t\t<\/div>\n\t\t<\/section>\n\t\t\t\t\t<\/div>\n\t\t<\/div>\n\t\t\t\t\t\t\t<\/div>\n\t\t<\/section>\n\t\t\t\t<section class=\"elementor-section elementor-top-section elementor-element elementor-element-f574d5d elementor-section-boxed elementor-section-height-default elementor-section-height-default\" data-id=\"f574d5d\" data-element_type=\"section\" data-settings=\"{&quot;background_background&quot;:&quot;classic&quot;,&quot;_ha_eqh_enable&quot;:false}\">\n\t\t\t\t\t\t<div class=\"elementor-container elementor-column-gap-default\">\n\t\t\t\t\t<div class=\"elementor-column elementor-col-100 elementor-top-column elementor-element elementor-element-521ef80\" data-id=\"521ef80\" data-element_type=\"column\">\n\t\t\t<div class=\"elementor-widget-wrap elementor-element-populated\">\n\t\t\t\t\t\t\t\t<section class=\"elementor-section elementor-inner-section elementor-element elementor-element-1cf454b elementor-section-boxed elementor-section-height-default elementor-section-height-default\" data-id=\"1cf454b\" data-element_type=\"section\" data-settings=\"{&quot;_ha_eqh_enable&quot;:false}\">\n\t\t\t\t\t\t<div class=\"elementor-container elementor-column-gap-default\">\n\t\t\t\t\t<div class=\"elementor-column elementor-col-33 elementor-inner-column elementor-element elementor-element-96c11d5\" data-id=\"96c11d5\" data-element_type=\"column\">\n\t\t\t<div class=\"elementor-widget-wrap elementor-element-populated\">\n\t\t\t\t\t\t\t\t<div class=\"elementor-element elementor-element-5d78331 elementor-widget elementor-widget-image\" data-id=\"5d78331\" data-element_type=\"widget\" data-widget_type=\"image.default\">\n\t\t\t\t<div class=\"elementor-widget-container\">\n\t\t\t<style>\/*! elementor - v3.13.3 - 28-05-2023 *\/\n.elementor-widget-image{text-align:center}.elementor-widget-image a{display:inline-block}.elementor-widget-image a img[src$=\".svg\"]{width:48px}.elementor-widget-image img{vertical-align:middle;display:inline-block}<\/style>\t\t\t\t\t\t\t\t\t\t\t\t<img decoding=\"async\" src=\"https:\/\/restaurantegiratorio.com\/wp-content\/uploads\/elementor\/thumbs\/Recuadro-Hotel-6-qvpp2n6oanmrpv0ww4d4xbil63dep9aqpaba3jc7pe.jpg\" title=\"Recuadro Hotel 6\" alt=\"Recuadro Hotel 6\" loading=\"lazy\" \/>\t\t\t\t\t\t\t\t\t\t\t\t\t\t\t<\/div>\n\t\t\t\t<\/div>\n\t\t\t\t<div class=\"elementor-element elementor-element-3d5c207 elementor-widget elementor-widget-image\" data-id=\"3d5c207\" data-element_type=\"widget\" data-widget_type=\"image.default\">\n\t\t\t\t<div class=\"elementor-widget-container\">\n\t\t\t\t\t\t\t\t\t\t\t\t\t\t\t<img decoding=\"async\" src=\"https:\/\/restaurantegiratorio.com\/wp-content\/uploads\/elementor\/thumbs\/Recuadro-Hotel-4-qvpp28599b26k3mrbxv3tfb7nxfja3n1b7vif3yigy.jpg\" title=\"Recuadro Hotel 4\" alt=\"Recuadro Hotel 4\" loading=\"lazy\" \/>\t\t\t\t\t\t\t\t\t\t\t\t\t\t\t<\/div>\n\t\t\t\t<\/div>\n\t\t\t\t\t<\/div>\n\t\t<\/div>\n\t\t\t\t<div class=\"elementor-column elementor-col-33 elementor-inner-column elementor-element elementor-element-f2eda37\" data-id=\"f2eda37\" data-element_type=\"column\">\n\t\t\t<div class=\"elementor-widget-wrap elementor-element-populated\">\n\t\t\t\t\t\t\t\t<div class=\"elementor-element elementor-element-c58223c elementor-widget elementor-widget-image\" data-id=\"c58223c\" data-element_type=\"widget\" data-widget_type=\"image.default\">\n\t\t\t\t<div class=\"elementor-widget-container\">\n\t\t\t\t\t\t\t\t\t\t\t\t\t\t\t<img decoding=\"async\" src=\"https:\/\/restaurantegiratorio.com\/wp-content\/uploads\/elementor\/thumbs\/Recuadro-Hotel-1-qvpp1ngt2y9vgogsooxbakj2lg9gkrcxwditv0t69u.jpg\" title=\"Recuadro Hotel 1\" alt=\"Recuadro Hotel 1\" loading=\"lazy\" \/>\t\t\t\t\t\t\t\t\t\t\t\t\t\t\t<\/div>\n\t\t\t\t<\/div>\n\t\t\t\t<div class=\"elementor-element elementor-element-1a616ea elementor-widget elementor-widget-image\" data-id=\"1a616ea\" data-element_type=\"widget\" data-widget_type=\"image.default\">\n\t\t\t\t<div class=\"elementor-widget-container\">\n\t\t\t\t\t\t\t\t\t\t\t\t\t\t\t<img decoding=\"async\" src=\"https:\/\/restaurantegiratorio.com\/wp-content\/uploads\/elementor\/thumbs\/Recuadro-Hotel-5-qvpp2fnyrzch4zbu4144ddewf0egzogw093e9bnd36.jpg\" title=\"Recuadro Hotel 5\" alt=\"Recuadro Hotel 5\" loading=\"lazy\" \/>\t\t\t\t\t\t\t\t\t\t\t\t\t\t\t<\/div>\n\t\t\t\t<\/div>\n\t\t\t\t\t<\/div>\n\t\t<\/div>\n\t\t\t\t<div class=\"elementor-column elementor-col-33 elementor-inner-column elementor-element elementor-element-537c53e\" data-id=\"537c53e\" data-element_type=\"column\">\n\t\t\t<div class=\"elementor-widget-wrap elementor-element-populated\">\n\t\t\t\t\t\t\t\t<div class=\"elementor-element elementor-element-3036851 elementor-widget elementor-widget-image\" data-id=\"3036851\" data-element_type=\"widget\" data-widget_type=\"image.default\">\n\t\t\t\t<div class=\"elementor-widget-container\">\n\t\t\t\t\t\t\t\t\t\t\t\t\t\t\t<img decoding=\"async\" src=\"https:\/\/restaurantegiratorio.com\/wp-content\/uploads\/elementor\/thumbs\/Recuadro-Hotel-2-qvpp1t3u7yhlec8lrrd2pj3u5rhnuxzbx5fqqokt8i.jpg\" title=\"Recuadro Hotel 2\" alt=\"Recuadro Hotel 2\" loading=\"lazy\" \/>\t\t\t\t\t\t\t\t\t\t\t\t\t\t\t<\/div>\n\t\t\t\t<\/div>\n\t\t\t\t<div class=\"elementor-element elementor-element-32b9bcd elementor-widget elementor-widget-image\" data-id=\"32b9bcd\" data-element_type=\"widget\" data-widget_type=\"image.default\">\n\t\t\t\t<div class=\"elementor-widget-container\">\n\t\t\t\t\t\t\t\t\t\t\t\t\t\t\t<img decoding=\"async\" src=\"https:\/\/restaurantegiratorio.com\/wp-content\/uploads\/elementor\/thumbs\/Recuadro-Hotel-3-qvpp21kdxgt6atwbed0ptyyzi8bys7wwybb42689oi.jpg\" title=\"Recuadro Hotel 3\" alt=\"Recuadro Hotel 3\" loading=\"lazy\" \/>\t\t\t\t\t\t\t\t\t\t\t\t\t\t\t<\/div>\n\t\t\t\t<\/div>\n\t\t\t\t\t<\/div>\n\t\t<\/div>\n\t\t\t\t\t\t\t<\/div>\n\t\t<\/section>\n\t\t\t\t\t<\/div>\n\t\t<\/div>\n\t\t\t\t\t\t\t<\/div>\n\t\t<\/section>\n\t\t\t\t<section class=\"elementor-section elementor-top-section elementor-element elementor-element-f608335 elementor-hidden-desktop elementor-hidden-tablet elementor-hidden-mobile elementor-section-boxed elementor-section-height-default elementor-section-height-default\" data-id=\"f608335\" data-element_type=\"section\" data-settings=\"{&quot;_ha_eqh_enable&quot;:false}\">\n\t\t\t\t\t\t<div class=\"elementor-container elementor-column-gap-default\">\n\t\t\t\t\t<div class=\"elementor-column elementor-col-100 elementor-top-column elementor-element elementor-element-03c0359\" data-id=\"03c0359\" data-element_type=\"column\">\n\t\t\t<div class=\"elementor-widget-wrap elementor-element-populated\">\n\t\t\t\t\t\t\t\t<div class=\"elementor-element elementor-element-4377ab0 elementor-widget elementor-widget-html\" data-id=\"4377ab0\" data-element_type=\"widget\" data-widget_type=\"html.default\">\n\t\t\t\t<div class=\"elementor-widget-container\">\n\t\t\t<style>\n.back{\n    background: transparent linear-gradient(180deg, var(--unnamed-color-785121) 0%, #3C291100 100%) 0% 0% no-repeat padding-box;\nbackground: transparent linear-gradient(180deg, #785121 0%, #3C291100 30%) 0% 0% no-repeat padding-box;\n    \n}    \n    \n    \n<\/style>\t\t<\/div>\n\t\t\t\t<\/div>\n\t\t\t\t\t<\/div>\n\t\t<\/div>\n\t\t\t\t\t\t\t<\/div>\n\t\t<\/section>\n\t\t\t\t\t\t\t<\/div>","protected":false},"excerpt":{"rendered":"<p>Hotel Vista Quince Imagen anterior Imagen siguiente Ubicado en la zona 15 de la ciudad de Guatemala, el hotel Vista Quince es una imponente obra arquitect\u00f3nica de 18 niveles que se distingue de los dem\u00e1s por su dise\u00f1o \u00fanico circular, una fachada de piedra caliza australiana y por contar con un restaurante giratorio en el&hellip; <a class=\"more-link\" href=\"https:\/\/restaurantegiratorio.com\/en\/hotel-vista-quince\/\">Continue reading <span class=\"screen-reader-text\">Vista Quince Hotel<\/span><\/a><\/p>","protected":false},"author":2,"featured_media":0,"parent":0,"menu_order":0,"comment_status":"closed","ping_status":"closed","template":"elementor_header_footer","meta":{"footnotes":""},"class_list":["post-182","page","type-page","status-publish","hentry","entry"],"yoast_head":"<!-- This site is optimized with the Yoast SEO plugin v20.8 - https:\/\/yoast.com\/wordpress\/plugins\/seo\/ -->\n<title>Hotel Vista Quince - Restaurante Giratorio<\/title>\n<meta name=\"robots\" content=\"index, follow, max-snippet:-1, max-image-preview:large, max-video-preview:-1\" \/>\n<link rel=\"canonical\" href=\"https:\/\/restaurantegiratorio.com\/en\/hotel-vista-quince\/\" \/>\n<meta property=\"og:locale\" content=\"en_US\" \/>\n<meta property=\"og:type\" content=\"article\" \/>\n<meta property=\"og:title\" content=\"Hotel Vista Quince - Restaurante Giratorio\" \/>\n<meta property=\"og:description\" content=\"Hotel Vista Quince Imagen anterior Imagen siguiente Ubicado en la zona 15 de la ciudad de Guatemala, el hotel Vista Quince es una imponente obra arquitect\u00f3nica de 18 niveles que se distingue de los dem\u00e1s por su dise\u00f1o \u00fanico circular, una fachada de piedra caliza australiana y por contar con un restaurante giratorio en el&hellip; Continue reading Hotel Vista Quince\" \/>\n<meta property=\"og:url\" content=\"https:\/\/restaurantegiratorio.com\/en\/hotel-vista-quince\/\" \/>\n<meta property=\"og:site_name\" content=\"Restaurante Giratorio\" \/>\n<meta property=\"article:modified_time\" content=\"2024-10-17T23:25:15+00:00\" \/>\n<meta property=\"og:image\" content=\"https:\/\/restaurantegiratorio.com\/wp-content\/uploads\/2024\/10\/Secuencia-1-1568x990.jpg\" \/>\n<meta name=\"twitter:card\" content=\"summary_large_image\" \/>\n<meta name=\"twitter:label1\" content=\"Est. reading time\" \/>\n\t<meta name=\"twitter:data1\" content=\"4 minutes\" \/>\n<script type=\"application\/ld+json\" class=\"yoast-schema-graph\">{\"@context\":\"https:\/\/schema.org\",\"@graph\":[{\"@type\":\"WebPage\",\"@id\":\"https:\/\/restaurantegiratorio.com\/hotel-vista-quince\/\",\"url\":\"https:\/\/restaurantegiratorio.com\/hotel-vista-quince\/\",\"name\":\"Hotel Vista Quince - Restaurante Giratorio\",\"isPartOf\":{\"@id\":\"https:\/\/restaurantegiratorio.com\/#website\"},\"datePublished\":\"2023-05-19T20:29:14+00:00\",\"dateModified\":\"2024-10-17T23:25:15+00:00\",\"breadcrumb\":{\"@id\":\"https:\/\/restaurantegiratorio.com\/hotel-vista-quince\/#breadcrumb\"},\"inLanguage\":\"en-US\",\"potentialAction\":[{\"@type\":\"ReadAction\",\"target\":[\"https:\/\/restaurantegiratorio.com\/hotel-vista-quince\/\"]}]},{\"@type\":\"BreadcrumbList\",\"@id\":\"https:\/\/restaurantegiratorio.com\/hotel-vista-quince\/#breadcrumb\",\"itemListElement\":[{\"@type\":\"ListItem\",\"position\":1,\"name\":\"Home\",\"item\":\"https:\/\/restaurantegiratorio.com\/\"},{\"@type\":\"ListItem\",\"position\":2,\"name\":\"Hotel Vista Quince\"}]},{\"@type\":\"WebSite\",\"@id\":\"https:\/\/restaurantegiratorio.com\/#website\",\"url\":\"https:\/\/restaurantegiratorio.com\/\",\"name\":\"Restaurante Giratorio\",\"description\":\"\",\"potentialAction\":[{\"@type\":\"SearchAction\",\"target\":{\"@type\":\"EntryPoint\",\"urlTemplate\":\"https:\/\/restaurantegiratorio.com\/?s={search_term_string}\"},\"query-input\":\"required name=search_term_string\"}],\"inLanguage\":\"en-US\"}]}<\/script>\n<!-- \/ Yoast SEO plugin. -->","yoast_head_json":{"title":"Hotel Vista Quince - Restaurante Giratorio","robots":{"index":"index","follow":"follow","max-snippet":"max-snippet:-1","max-image-preview":"max-image-preview:large","max-video-preview":"max-video-preview:-1"},"canonical":"https:\/\/restaurantegiratorio.com\/en\/hotel-vista-quince\/","og_locale":"en_US","og_type":"article","og_title":"Hotel Vista Quince - Restaurante Giratorio","og_description":"Hotel Vista Quince Imagen anterior Imagen siguiente Ubicado en la zona 15 de la ciudad de Guatemala, el hotel Vista Quince es una imponente obra arquitect\u00f3nica de 18 niveles que se distingue de los dem\u00e1s por su dise\u00f1o \u00fanico circular, una fachada de piedra caliza australiana y por contar con un restaurante giratorio en el&hellip; Continue reading Hotel Vista Quince","og_url":"https:\/\/restaurantegiratorio.com\/en\/hotel-vista-quince\/","og_site_name":"Restaurante Giratorio","article_modified_time":"2024-10-17T23:25:15+00:00","og_image":[{"url":"https:\/\/restaurantegiratorio.com\/wp-content\/uploads\/2024\/10\/Secuencia-1-1568x990.jpg"}],"twitter_card":"summary_large_image","twitter_misc":{"Est. reading time":"4 minutes"},"schema":{"@context":"https:\/\/schema.org","@graph":[{"@type":"WebPage","@id":"https:\/\/restaurantegiratorio.com\/hotel-vista-quince\/","url":"https:\/\/restaurantegiratorio.com\/hotel-vista-quince\/","name":"Hotel Vista Quince - Restaurante Giratorio","isPartOf":{"@id":"https:\/\/restaurantegiratorio.com\/#website"},"datePublished":"2023-05-19T20:29:14+00:00","dateModified":"2024-10-17T23:25:15+00:00","breadcrumb":{"@id":"https:\/\/restaurantegiratorio.com\/hotel-vista-quince\/#breadcrumb"},"inLanguage":"en-US","potentialAction":[{"@type":"ReadAction","target":["https:\/\/restaurantegiratorio.com\/hotel-vista-quince\/"]}]},{"@type":"BreadcrumbList","@id":"https:\/\/restaurantegiratorio.com\/hotel-vista-quince\/#breadcrumb","itemListElement":[{"@type":"ListItem","position":1,"name":"Home","item":"https:\/\/restaurantegiratorio.com\/"},{"@type":"ListItem","position":2,"name":"Hotel Vista Quince"}]},{"@type":"WebSite","@id":"https:\/\/restaurantegiratorio.com\/#website","url":"https:\/\/restaurantegiratorio.com\/","name":"Restaurante Giratorio","description":"","potentialAction":[{"@type":"SearchAction","target":{"@type":"EntryPoint","urlTemplate":"https:\/\/restaurantegiratorio.com\/?s={search_term_string}"},"query-input":"required name=search_term_string"}],"inLanguage":"en-US"}]}},"_links":{"self":[{"href":"https:\/\/restaurantegiratorio.com\/en\/wp-json\/wp\/v2\/pages\/182","targetHints":{"allow":["GET"]}}],"collection":[{"href":"https:\/\/restaurantegiratorio.com\/en\/wp-json\/wp\/v2\/pages"}],"about":[{"href":"https:\/\/restaurantegiratorio.com\/en\/wp-json\/wp\/v2\/types\/page"}],"author":[{"embeddable":true,"href":"https:\/\/restaurantegiratorio.com\/en\/wp-json\/wp\/v2\/users\/2"}],"replies":[{"embeddable":true,"href":"https:\/\/restaurantegiratorio.com\/en\/wp-json\/wp\/v2\/comments?post=182"}],"version-history":[{"count":46,"href":"https:\/\/restaurantegiratorio.com\/en\/wp-json\/wp\/v2\/pages\/182\/revisions"}],"predecessor-version":[{"id":2136,"href":"https:\/\/restaurantegiratorio.com\/en\/wp-json\/wp\/v2\/pages\/182\/revisions\/2136"}],"wp:attachment":[{"href":"https:\/\/restaurantegiratorio.com\/en\/wp-json\/wp\/v2\/media?parent=182"}],"curies":[{"name":"wp","href":"https:\/\/api.w.org\/{rel}","templated":true}]}}