{"id":1251,"date":"2024-07-16T22:45:44","date_gmt":"2024-07-16T22:45:44","guid":{"rendered":"https:\/\/restaurantegiratorio.com\/?page_id=1251"},"modified":"2024-08-12T18:26:18","modified_gmt":"2024-08-12T18:26:18","slug":"menu-cloned-496","status":"publish","type":"page","link":"https:\/\/restaurantegiratorio.com\/en\/menu-cloned-496\/","title":{"rendered":"Menu &#8211; [Cloned #496]"},"content":{"rendered":"<div data-elementor-type=\"wp-page\" data-elementor-id=\"1251\" class=\"elementor elementor-1251\">\n\t\t\t\t\t\t\t\t\t<section class=\"elementor-section elementor-top-section elementor-element elementor-element-3a47b25 elementor-section-boxed elementor-section-height-default elementor-section-height-default\" data-id=\"3a47b25\" data-element_type=\"section\" data-settings=\"{&quot;background_background&quot;:&quot;gradient&quot;,&quot;_ha_eqh_enable&quot;:false}\">\n\t\t\t\t\t\t\t<div class=\"elementor-background-overlay\"><\/div>\n\t\t\t\t\t\t\t<div class=\"elementor-container elementor-column-gap-default\">\n\t\t\t\t\t<div class=\"elementor-column elementor-col-100 elementor-top-column elementor-element elementor-element-0d5f515\" data-id=\"0d5f515\" data-element_type=\"column\">\n\t\t\t<div class=\"elementor-widget-wrap elementor-element-populated\">\n\t\t\t\t\t\t\t\t<section class=\"elementor-section elementor-inner-section elementor-element elementor-element-97fa857 elementor-section-boxed elementor-section-height-default elementor-section-height-default\" data-id=\"97fa857\" data-element_type=\"section\" data-settings=\"{&quot;_ha_eqh_enable&quot;:false}\">\n\t\t\t\t\t\t<div class=\"elementor-container elementor-column-gap-default\">\n\t\t\t\t\t<div class=\"elementor-column elementor-col-100 elementor-inner-column elementor-element elementor-element-4508c85\" data-id=\"4508c85\" data-element_type=\"column\">\n\t\t\t<div class=\"elementor-widget-wrap elementor-element-populated\">\n\t\t\t\t\t\t\t\t<div class=\"elementor-element elementor-element-73afff5 elementor-widget elementor-widget-heading\" data-id=\"73afff5\" data-element_type=\"widget\" data-widget_type=\"heading.default\">\n\t\t\t\t<div class=\"elementor-widget-container\">\n\t\t\t<style>\/*! elementor - v3.13.3 - 28-05-2023 *\/\n.elementor-heading-title{padding:0;margin:0;line-height:1}.elementor-widget-heading .elementor-heading-title[class*=elementor-size-]>a{color:inherit;font-size:inherit;line-height:inherit}.elementor-widget-heading .elementor-heading-title.elementor-size-small{font-size:15px}.elementor-widget-heading .elementor-heading-title.elementor-size-medium{font-size:19px}.elementor-widget-heading .elementor-heading-title.elementor-size-large{font-size:29px}.elementor-widget-heading .elementor-heading-title.elementor-size-xl{font-size:39px}.elementor-widget-heading .elementor-heading-title.elementor-size-xxl{font-size:59px}<\/style><h2 class=\"elementor-heading-title elementor-size-default\">Menu<\/h2>\t\t<\/div>\n\t\t\t\t<\/div>\n\t\t\t\t<div class=\"elementor-element elementor-element-291e8c5 elementor-widget elementor-widget-text-editor\" data-id=\"291e8c5\" data-element_type=\"widget\" data-widget_type=\"text-editor.default\">\n\t\t\t\t<div class=\"elementor-widget-container\">\n\t\t\t<style>\/*! elementor - v3.13.3 - 28-05-2023 *\/\n.elementor-widget-text-editor.elementor-drop-cap-view-stacked .elementor-drop-cap{background-color:#69727d;color:#fff}.elementor-widget-text-editor.elementor-drop-cap-view-framed .elementor-drop-cap{color:#69727d;border:3px solid;background-color:transparent}.elementor-widget-text-editor:not(.elementor-drop-cap-view-default) .elementor-drop-cap{margin-top:8px}.elementor-widget-text-editor:not(.elementor-drop-cap-view-default) .elementor-drop-cap-letter{width:1em;height:1em}.elementor-widget-text-editor .elementor-drop-cap{float:left;text-align:center;line-height:1;font-size:50px}.elementor-widget-text-editor .elementor-drop-cap-letter{display:inline-block}<\/style>\t\t\t\t<p>Our menu is inspired by international gastronomy. In our revolving restaurant, we serve culinary experiences.<\/p>\t\t\t\t\t\t<\/div>\n\t\t\t\t<\/div>\n\t\t\t\t\t<\/div>\n\t\t<\/div>\n\t\t\t\t\t\t\t<\/div>\n\t\t<\/section>\n\t\t\t\t<section class=\"elementor-section elementor-inner-section elementor-element elementor-element-44e25c8 elementor-section-boxed elementor-section-height-default elementor-section-height-default\" data-id=\"44e25c8\" data-element_type=\"section\" data-settings=\"{&quot;background_background&quot;:&quot;classic&quot;,&quot;_ha_eqh_enable&quot;:false}\">\n\t\t\t\t\t\t<div class=\"elementor-container elementor-column-gap-no\">\n\t\t\t\t\t<div class=\"elementor-column elementor-col-50 elementor-inner-column elementor-element elementor-element-ea023f5\" data-id=\"ea023f5\" data-element_type=\"column\" data-settings=\"{&quot;background_background&quot;:&quot;classic&quot;}\">\n\t\t\t<div class=\"elementor-widget-wrap elementor-element-populated\">\n\t\t\t\t\t\t\t\t<div class=\"elementor-element elementor-element-d445872 elementor-widget elementor-widget-heading\" data-id=\"d445872\" data-element_type=\"widget\" data-widget_type=\"heading.default\">\n\t\t\t\t<div class=\"elementor-widget-container\">\n\t\t\t<h2 class=\"elementor-heading-title elementor-size-default\"><br>From east to west<\/h2>\t\t<\/div>\n\t\t\t\t<\/div>\n\t\t\t\t<div class=\"elementor-element elementor-element-a802961 elementor-widget elementor-widget-text-editor\" data-id=\"a802961\" data-element_type=\"widget\" data-widget_type=\"text-editor.default\">\n\t\t\t\t<div class=\"elementor-widget-container\">\n\t\t\t\t\t\t\t<p style=\"text-align: center;\">Descubre a nuestro talentoso chef, Edwin Gonz\u00e1lez. Con una pasi\u00f3n innata por la gastronom\u00eda y una amplia experiencia en la cocina, Chef Gonz\u00e1lez es el coraz\u00f3n y el alma detr\u00e1s de cada deliciosa creaci\u00f3n que sale de nuestra cocina. Con un paladar sofisticado ha desarrollado un men\u00fa que celebra los sabores aut\u00e9nticos y los ingredientes locales de la regi\u00f3n. Cada bocado es una obra maestra de sabor y textura, dise\u00f1ado para deleitar los sentidos y satisfacer los paladares m\u00e1s exigentes.<u><\/u>\u00a0<\/p>\t\t\t\t\t\t<\/div>\n\t\t\t\t<\/div>\n\t\t\t\t\t<\/div>\n\t\t<\/div>\n\t\t\t\t<div class=\"elementor-column elementor-col-50 elementor-inner-column elementor-element elementor-element-6196719\" data-id=\"6196719\" data-element_type=\"column\" data-settings=\"{&quot;background_background&quot;:&quot;classic&quot;}\">\n\t\t\t<div class=\"elementor-widget-wrap elementor-element-populated\">\n\t\t\t\t\t\t\t\t<div class=\"elementor-element elementor-element-45552ff elementor-widget elementor-widget-image\" data-id=\"45552ff\" data-element_type=\"widget\" data-widget_type=\"image.default\">\n\t\t\t\t<div class=\"elementor-widget-container\">\n\t\t\t<style>\/*! elementor - v3.13.3 - 28-05-2023 *\/\n.elementor-widget-image{text-align:center}.elementor-widget-image a{display:inline-block}.elementor-widget-image a img[src$=\".svg\"]{width:48px}.elementor-widget-image img{vertical-align:middle;display:inline-block}<\/style>\t\t\t\t\t\t\t\t\t\t\t\t<img loading=\"lazy\" decoding=\"async\" width=\"750\" height=\"750\" src=\"https:\/\/restaurantegiratorio.com\/wp-content\/uploads\/2023\/09\/CHEF-EDWIN-1024x1024.jpg\" class=\"attachment-large size-large wp-image-1141\" alt=\"\" srcset=\"https:\/\/restaurantegiratorio.com\/wp-content\/uploads\/2023\/09\/CHEF-EDWIN-1024x1024.jpg 1024w, https:\/\/restaurantegiratorio.com\/wp-content\/uploads\/2023\/09\/CHEF-EDWIN-300x300.jpg 300w, https:\/\/restaurantegiratorio.com\/wp-content\/uploads\/2023\/09\/CHEF-EDWIN-150x150.jpg 150w, https:\/\/restaurantegiratorio.com\/wp-content\/uploads\/2023\/09\/CHEF-EDWIN-768x768.jpg 768w, https:\/\/restaurantegiratorio.com\/wp-content\/uploads\/2023\/09\/CHEF-EDWIN-1536x1536.jpg 1536w, https:\/\/restaurantegiratorio.com\/wp-content\/uploads\/2023\/09\/CHEF-EDWIN-12x12.jpg 12w, https:\/\/restaurantegiratorio.com\/wp-content\/uploads\/2023\/09\/CHEF-EDWIN-1568x1568.jpg 1568w, https:\/\/restaurantegiratorio.com\/wp-content\/uploads\/2023\/09\/CHEF-EDWIN.jpg 1773w\" sizes=\"auto, (max-width: 750px) 100vw, 750px\" style=\"width:100%;height:100%;max-width:1773px\" \/>\t\t\t\t\t\t\t\t\t\t\t\t\t\t\t<\/div>\n\t\t\t\t<\/div>\n\t\t\t\t\t<\/div>\n\t\t<\/div>\n\t\t\t\t\t\t\t<\/div>\n\t\t<\/section>\n\t\t\t\t\t<\/div>\n\t\t<\/div>\n\t\t\t\t\t\t\t<\/div>\n\t\t<\/section>\n\t\t\t\t<section class=\"elementor-section elementor-top-section elementor-element elementor-element-54a07f2 elementor-section-boxed elementor-section-height-default elementor-section-height-default\" data-id=\"54a07f2\" data-element_type=\"section\" data-settings=\"{&quot;background_background&quot;:&quot;classic&quot;,&quot;_ha_eqh_enable&quot;:false}\">\n\t\t\t\t\t\t<div class=\"elementor-container elementor-column-gap-default\">\n\t\t\t\t\t<div class=\"elementor-column elementor-col-33 elementor-top-column elementor-element elementor-element-13a0c37\" data-id=\"13a0c37\" data-element_type=\"column\">\n\t\t\t<div class=\"elementor-widget-wrap elementor-element-populated\">\n\t\t\t\t\t\t\t\t<div class=\"elementor-element elementor-element-16b61cc elementor-align-justify elementor-widget elementor-widget-button\" data-id=\"16b61cc\" data-element_type=\"widget\" data-widget_type=\"button.default\">\n\t\t\t\t<div class=\"elementor-widget-container\">\n\t\t\t\t\t<div class=\"elementor-button-wrapper\">\n\t\t\t<a href=\"https:\/\/restaurantegiratorio.com\/restaurante-giratorio-menu.pdf\" target=\"_blank\" class=\"elementor-button-link elementor-button elementor-size-lg\" role=\"button\">\n\t\t\t\t\t\t<span class=\"elementor-button-content-wrapper\">\n\t\t\t\t\t\t<span class=\"elementor-button-text\">Men\u00fa Principal<\/span>\n\t\t<\/span>\n\t\t\t\t\t<\/a>\n\t\t<\/div>\n\t\t\t\t<\/div>\n\t\t\t\t<\/div>\n\t\t\t\t\t<\/div>\n\t\t<\/div>\n\t\t\t\t<div class=\"elementor-column elementor-col-33 elementor-top-column elementor-element elementor-element-4769fb2\" data-id=\"4769fb2\" data-element_type=\"column\">\n\t\t\t<div class=\"elementor-widget-wrap elementor-element-populated\">\n\t\t\t\t\t\t\t\t<div class=\"elementor-element elementor-element-3dfbfec elementor-align-justify elementor-widget elementor-widget-button\" data-id=\"3dfbfec\" data-element_type=\"widget\" data-widget_type=\"button.default\">\n\t\t\t\t<div class=\"elementor-widget-container\">\n\t\t\t\t\t<div class=\"elementor-button-wrapper\">\n\t\t\t<a class=\"elementor-button elementor-size-lg\" role=\"button\">\n\t\t\t\t\t\t<span class=\"elementor-button-content-wrapper\">\n\t\t\t\t\t\t<span class=\"elementor-button-text\">Bebidas<\/span>\n\t\t<\/span>\n\t\t\t\t\t<\/a>\n\t\t<\/div>\n\t\t\t\t<\/div>\n\t\t\t\t<\/div>\n\t\t\t\t\t<\/div>\n\t\t<\/div>\n\t\t\t\t<div class=\"elementor-column elementor-col-33 elementor-top-column elementor-element elementor-element-86f1e52\" data-id=\"86f1e52\" data-element_type=\"column\">\n\t\t\t<div class=\"elementor-widget-wrap elementor-element-populated\">\n\t\t\t\t\t\t\t\t<div class=\"elementor-element elementor-element-decd210 elementor-align-justify elementor-widget elementor-widget-button\" data-id=\"decd210\" data-element_type=\"widget\" data-widget_type=\"button.default\">\n\t\t\t\t<div class=\"elementor-widget-container\">\n\t\t\t\t\t<div class=\"elementor-button-wrapper\">\n\t\t\t<a class=\"elementor-button elementor-size-lg\" role=\"button\">\n\t\t\t\t\t\t<span class=\"elementor-button-content-wrapper\">\n\t\t\t\t\t\t<span class=\"elementor-button-text\">Vinos<\/span>\n\t\t<\/span>\n\t\t\t\t\t<\/a>\n\t\t<\/div>\n\t\t\t\t<\/div>\n\t\t\t\t<\/div>\n\t\t\t\t\t<\/div>\n\t\t<\/div>\n\t\t\t\t\t\t\t<\/div>\n\t\t<\/section>\n\t\t\t\t\t\t\t<\/div>","protected":false},"excerpt":{"rendered":"<p>MEN\u00da Nuestro men\u00fa est\u00e1 inspirado en la gastronom\u00eda internacional. En Restaurante Giratorio servimos experiencias culinarias. Del Este al Oeste Descubre a nuestro talentoso chef, Edwin Gonz\u00e1lez. Con una pasi\u00f3n innata por la gastronom\u00eda y una amplia experiencia en la cocina, Chef Gonz\u00e1lez es el coraz\u00f3n y el alma detr\u00e1s de cada deliciosa creaci\u00f3n que sale&hellip; <a class=\"more-link\" href=\"https:\/\/restaurantegiratorio.com\/en\/menu-cloned-496\/\">Continue reading <span class=\"screen-reader-text\">Menu &#8211; [Cloned #496]<\/span><\/a><\/p>","protected":false},"author":3,"featured_media":0,"parent":0,"menu_order":0,"comment_status":"closed","ping_status":"closed","template":"elementor_header_footer","meta":{"footnotes":""},"class_list":["post-1251","page","type-page","status-publish","hentry","entry"],"yoast_head":"<!-- This site is optimized with the Yoast SEO plugin v20.8 - https:\/\/yoast.com\/wordpress\/plugins\/seo\/ -->\n<title>Menu - [Cloned #496] - Restaurante Giratorio<\/title>\n<meta name=\"robots\" content=\"index, follow, max-snippet:-1, max-image-preview:large, max-video-preview:-1\" \/>\n<link rel=\"canonical\" href=\"https:\/\/restaurantegiratorio.com\/en\/menu-cloned-496\/\" \/>\n<meta property=\"og:locale\" content=\"en_US\" \/>\n<meta property=\"og:type\" content=\"article\" \/>\n<meta property=\"og:title\" content=\"Menu - [Cloned #496] - Restaurante Giratorio\" \/>\n<meta property=\"og:description\" content=\"MEN\u00da Nuestro men\u00fa est\u00e1 inspirado en la gastronom\u00eda internacional. En Restaurante Giratorio servimos experiencias culinarias. Del Este al Oeste Descubre a nuestro talentoso chef, Edwin Gonz\u00e1lez. Con una pasi\u00f3n innata por la gastronom\u00eda y una amplia experiencia en la cocina, Chef Gonz\u00e1lez es el coraz\u00f3n y el alma detr\u00e1s de cada deliciosa creaci\u00f3n que sale&hellip; Continue reading Menu &#8211; [Cloned #496]\" \/>\n<meta property=\"og:url\" content=\"https:\/\/restaurantegiratorio.com\/en\/menu-cloned-496\/\" \/>\n<meta property=\"og:site_name\" content=\"Restaurante Giratorio\" \/>\n<meta property=\"article:modified_time\" content=\"2024-08-12T18:26:18+00:00\" \/>\n<meta property=\"og:image\" content=\"https:\/\/restaurantegiratorio.com\/wp-content\/uploads\/2023\/09\/CHEF-EDWIN-1024x1024.jpg\" \/>\n<meta name=\"twitter:card\" content=\"summary_large_image\" \/>\n<meta name=\"twitter:label1\" content=\"Est. reading time\" \/>\n\t<meta name=\"twitter:data1\" content=\"1 minute\" \/>\n<script type=\"application\/ld+json\" class=\"yoast-schema-graph\">{\"@context\":\"https:\/\/schema.org\",\"@graph\":[{\"@type\":\"WebPage\",\"@id\":\"https:\/\/restaurantegiratorio.com\/menu-cloned-496\/\",\"url\":\"https:\/\/restaurantegiratorio.com\/menu-cloned-496\/\",\"name\":\"Menu - [Cloned #496] - Restaurante Giratorio\",\"isPartOf\":{\"@id\":\"https:\/\/restaurantegiratorio.com\/#website\"},\"datePublished\":\"2024-07-16T22:45:44+00:00\",\"dateModified\":\"2024-08-12T18:26:18+00:00\",\"breadcrumb\":{\"@id\":\"https:\/\/restaurantegiratorio.com\/menu-cloned-496\/#breadcrumb\"},\"inLanguage\":\"en-US\",\"potentialAction\":[{\"@type\":\"ReadAction\",\"target\":[\"https:\/\/restaurantegiratorio.com\/menu-cloned-496\/\"]}]},{\"@type\":\"BreadcrumbList\",\"@id\":\"https:\/\/restaurantegiratorio.com\/menu-cloned-496\/#breadcrumb\",\"itemListElement\":[{\"@type\":\"ListItem\",\"position\":1,\"name\":\"Home\",\"item\":\"https:\/\/restaurantegiratorio.com\/\"},{\"@type\":\"ListItem\",\"position\":2,\"name\":\"Menu &#8211; [Cloned #496]\"}]},{\"@type\":\"WebSite\",\"@id\":\"https:\/\/restaurantegiratorio.com\/#website\",\"url\":\"https:\/\/restaurantegiratorio.com\/\",\"name\":\"Restaurante Giratorio\",\"description\":\"\",\"potentialAction\":[{\"@type\":\"SearchAction\",\"target\":{\"@type\":\"EntryPoint\",\"urlTemplate\":\"https:\/\/restaurantegiratorio.com\/?s={search_term_string}\"},\"query-input\":\"required name=search_term_string\"}],\"inLanguage\":\"en-US\"}]}<\/script>\n<!-- \/ Yoast SEO plugin. -->","yoast_head_json":{"title":"Menu - [Cloned #496] - Restaurante Giratorio","robots":{"index":"index","follow":"follow","max-snippet":"max-snippet:-1","max-image-preview":"max-image-preview:large","max-video-preview":"max-video-preview:-1"},"canonical":"https:\/\/restaurantegiratorio.com\/en\/menu-cloned-496\/","og_locale":"en_US","og_type":"article","og_title":"Menu - [Cloned #496] - Restaurante Giratorio","og_description":"MEN\u00da Nuestro men\u00fa est\u00e1 inspirado en la gastronom\u00eda internacional. En Restaurante Giratorio servimos experiencias culinarias. Del Este al Oeste Descubre a nuestro talentoso chef, Edwin Gonz\u00e1lez. Con una pasi\u00f3n innata por la gastronom\u00eda y una amplia experiencia en la cocina, Chef Gonz\u00e1lez es el coraz\u00f3n y el alma detr\u00e1s de cada deliciosa creaci\u00f3n que sale&hellip; Continue reading Menu &#8211; [Cloned #496]","og_url":"https:\/\/restaurantegiratorio.com\/en\/menu-cloned-496\/","og_site_name":"Restaurante Giratorio","article_modified_time":"2024-08-12T18:26:18+00:00","og_image":[{"url":"https:\/\/restaurantegiratorio.com\/wp-content\/uploads\/2023\/09\/CHEF-EDWIN-1024x1024.jpg"}],"twitter_card":"summary_large_image","twitter_misc":{"Est. reading time":"1 minute"},"schema":{"@context":"https:\/\/schema.org","@graph":[{"@type":"WebPage","@id":"https:\/\/restaurantegiratorio.com\/menu-cloned-496\/","url":"https:\/\/restaurantegiratorio.com\/menu-cloned-496\/","name":"Menu - [Cloned #496] - Restaurante Giratorio","isPartOf":{"@id":"https:\/\/restaurantegiratorio.com\/#website"},"datePublished":"2024-07-16T22:45:44+00:00","dateModified":"2024-08-12T18:26:18+00:00","breadcrumb":{"@id":"https:\/\/restaurantegiratorio.com\/menu-cloned-496\/#breadcrumb"},"inLanguage":"en-US","potentialAction":[{"@type":"ReadAction","target":["https:\/\/restaurantegiratorio.com\/menu-cloned-496\/"]}]},{"@type":"BreadcrumbList","@id":"https:\/\/restaurantegiratorio.com\/menu-cloned-496\/#breadcrumb","itemListElement":[{"@type":"ListItem","position":1,"name":"Home","item":"https:\/\/restaurantegiratorio.com\/"},{"@type":"ListItem","position":2,"name":"Menu &#8211; [Cloned #496]"}]},{"@type":"WebSite","@id":"https:\/\/restaurantegiratorio.com\/#website","url":"https:\/\/restaurantegiratorio.com\/","name":"Restaurante Giratorio","description":"","potentialAction":[{"@type":"SearchAction","target":{"@type":"EntryPoint","urlTemplate":"https:\/\/restaurantegiratorio.com\/?s={search_term_string}"},"query-input":"required name=search_term_string"}],"inLanguage":"en-US"}]}},"_links":{"self":[{"href":"https:\/\/restaurantegiratorio.com\/en\/wp-json\/wp\/v2\/pages\/1251","targetHints":{"allow":["GET"]}}],"collection":[{"href":"https:\/\/restaurantegiratorio.com\/en\/wp-json\/wp\/v2\/pages"}],"about":[{"href":"https:\/\/restaurantegiratorio.com\/en\/wp-json\/wp\/v2\/types\/page"}],"author":[{"embeddable":true,"href":"https:\/\/restaurantegiratorio.com\/en\/wp-json\/wp\/v2\/users\/3"}],"replies":[{"embeddable":true,"href":"https:\/\/restaurantegiratorio.com\/en\/wp-json\/wp\/v2\/comments?post=1251"}],"version-history":[{"count":43,"href":"https:\/\/restaurantegiratorio.com\/en\/wp-json\/wp\/v2\/pages\/1251\/revisions"}],"predecessor-version":[{"id":1303,"href":"https:\/\/restaurantegiratorio.com\/en\/wp-json\/wp\/v2\/pages\/1251\/revisions\/1303"}],"wp:attachment":[{"href":"https:\/\/restaurantegiratorio.com\/en\/wp-json\/wp\/v2\/media?parent=1251"}],"curies":[{"name":"wp","href":"https:\/\/api.w.org\/{rel}","templated":true}]}}